{"id":96,"date":"2025-03-02T11:25:40","date_gmt":"2025-03-02T10:25:40","guid":{"rendered":"https:\/\/bestattungshaus-vieten.de\/WP\/?page_id=96"},"modified":"2025-09-15T06:19:56","modified_gmt":"2025-09-15T04:19:56","slug":"anonymebestattung","status":"publish","type":"page","link":"https:\/\/bestattungshaus-vieten.de\/WP\/anonymebestattung\/","title":{"rendered":"Anonymebestattung"},"content":{"rendered":"\n<p>Die anonyme Bestattung ist eine besondere Form der Beisetzung, bei der die letzte Ruhest\u00e4tte nicht individuell gekennzeichnet wird.<br>Sie kann sowohl als <strong>Erd-<\/strong> als auch als <strong>Feuerbestattung<\/strong> erfolgen. Die Beisetzung findet dabei in einem eigens daf\u00fcr vorgesehenen Bereich des Friedhofs statt, meist ohne namentlichen Grabstein oder -tafel.<\/p>\n\n\n\n<p>Diese Bestattungsform wird oft gew\u00e4hlt, wenn der Verstorbene zu Lebzeiten keine Grabpflege w\u00fcnschte oder wenn Angeh\u00f6rige nicht in der Lage sind, diese dauerhaft zu \u00fcbernehmen.<br>Der Vorteil: <strong>Es entsteht keine Verpflichtung zur Grabpflege<\/strong> \u2013 die Ruhest\u00e4tte wird durch den Friedhof gepflegt und bleibt dennoch ein w\u00fcrdevoller Ort der Erinnerung.<\/p>\n\n\n\n<p>Eine anonyme Bestattung kann auch Teil einer bewussten Lebensentscheidung sein \u2013 f\u00fcr Menschen, die einen schlichten Abschied bevorzugen oder ihren Angeh\u00f6rigen organisatorische und finanzielle Verpflichtungen ersparen m\u00f6chten.<br>Trotz der sp\u00e4teren Anonymit\u00e4t ist es in vielen F\u00e4llen m\u00f6glich, im Vorfeld eine pers\u00f6nliche Abschiednahme im kleinen Kreis zu gestalten. So kann ein individueller und w\u00fcrdevoller Moment entstehen, bevor der Verstorbene beigesetzt wird.<\/p>\n\n\n\n<p>Wir beraten Sie gerne ausf\u00fchrlich zu den M\u00f6glichkeiten, den Abl\u00e4ufen und den Kosten einer anonymen Bestattung und unterst\u00fctzen Sie bei allen notwendigen Schritten.<\/p>\n\n\n\n<p><\/p>\n","protected":false},"excerpt":{"rendered":"<p>Die anonyme Bestattung ist eine besondere Form der Beisetzung, bei der die letzte Ruhest\u00e4tte nicht individuell gekennzeichnet wird.Sie kann sowohl [&hellip;]<\/p>\n","protected":false},"author":1,"featured_media":0,"parent":0,"menu_order":0,"comment_status":"closed","ping_status":"closed","template":"","meta":{"site-sidebar-layout":"default","site-content-layout":"","ast-site-content-layout":"default","site-content-style":"default","site-sidebar-style":"default","ast-global-header-display":"","ast-banner-title-visibility":"","ast-main-header-display":"","ast-hfb-above-header-display":"","ast-hfb-below-header-display":"","ast-hfb-mobile-header-display":"","site-post-title":"","ast-breadcrumbs-content":"","ast-featured-img":"","footer-sml-layout":"","ast-disable-related-posts":"","theme-transparent-header-meta":"","adv-header-id-meta":"","stick-header-meta":"","header-above-stick-meta":"","header-main-stick-meta":"","header-below-stick-meta":"","astra-migrate-meta-layouts":"default","ast-page-background-enabled":"default","ast-page-background-meta":{"desktop":{"background-color":"var(--ast-global-color-5)","background-image":"","background-repeat":"repeat","background-position":"center center","background-size":"auto","background-attachment":"scroll","background-type":"","background-media":"","overlay-type":"","overlay-color":"","overlay-opacity":"","overlay-gradient":""},"tablet":{"background-color":"","background-image":"","background-repeat":"repeat","background-position":"center center","background-size":"auto","background-attachment":"scroll","background-type":"","background-media":"","overlay-type":"","overlay-color":"","overlay-opacity":"","overlay-gradient":""},"mobile":{"background-color":"","background-image":"","background-repeat":"repeat","background-position":"center center","background-size":"auto","background-attachment":"scroll","background-type":"","background-media":"","overlay-type":"","overlay-color":"","overlay-opacity":"","overlay-gradient":""}},"ast-content-background-meta":{"desktop":{"background-color":"var(--ast-global-color-4)","background-image":"","background-repeat":"repeat","background-position":"center center","background-size":"auto","background-attachment":"scroll","background-type":"","background-media":"","overlay-type":"","overlay-color":"","overlay-opacity":"","overlay-gradient":""},"tablet":{"background-color":"var(--ast-global-color-4)","background-image":"","background-repeat":"repeat","background-position":"center center","background-size":"auto","background-attachment":"scroll","background-type":"","background-media":"","overlay-type":"","overlay-color":"","overlay-opacity":"","overlay-gradient":""},"mobile":{"background-color":"var(--ast-global-color-4)","background-image":"","background-repeat":"repeat","background-position":"center center","background-size":"auto","background-attachment":"scroll","background-type":"","background-media":"","overlay-type":"","overlay-color":"","overlay-opacity":"","overlay-gradient":""}},"footnotes":""},"class_list":["post-96","page","type-page","status-publish","hentry"],"_links":{"self":[{"href":"https:\/\/bestattungshaus-vieten.de\/WP\/wp-json\/wp\/v2\/pages\/96","targetHints":{"allow":["GET"]}}],"collection":[{"href":"https:\/\/bestattungshaus-vieten.de\/WP\/wp-json\/wp\/v2\/pages"}],"about":[{"href":"https:\/\/bestattungshaus-vieten.de\/WP\/wp-json\/wp\/v2\/types\/page"}],"author":[{"embeddable":true,"href":"https:\/\/bestattungshaus-vieten.de\/WP\/wp-json\/wp\/v2\/users\/1"}],"replies":[{"embeddable":true,"href":"https:\/\/bestattungshaus-vieten.de\/WP\/wp-json\/wp\/v2\/comments?post=96"}],"version-history":[{"count":3,"href":"https:\/\/bestattungshaus-vieten.de\/WP\/wp-json\/wp\/v2\/pages\/96\/revisions"}],"predecessor-version":[{"id":263,"href":"https:\/\/bestattungshaus-vieten.de\/WP\/wp-json\/wp\/v2\/pages\/96\/revisions\/263"}],"wp:attachment":[{"href":"https:\/\/bestattungshaus-vieten.de\/WP\/wp-json\/wp\/v2\/media?parent=96"}],"curies":[{"name":"wp","href":"https:\/\/api.w.org\/{rel}","templated":true}]}}