{"id":94,"date":"2025-03-02T11:25:01","date_gmt":"2025-03-02T10:25:01","guid":{"rendered":"https:\/\/bestattungshaus-vieten.de\/WP\/?page_id=94"},"modified":"2025-09-15T06:21:38","modified_gmt":"2025-09-15T04:21:38","slug":"seebestattung","status":"publish","type":"page","link":"https:\/\/bestattungshaus-vieten.de\/WP\/seebestattung\/","title":{"rendered":"Seebestattung"},"content":{"rendered":"\n<p>Die Seebestattung ist eine besondere Form der Feuerbestattung und bietet die M\u00f6glichkeit, den letzten Weg auf dem Meer zu gehen.<br>Dabei wird der Verstorbene zun\u00e4chst in einem Sarg im Krematorium einge\u00e4schert. Anschlie\u00dfend wird die Urne, die sich vollst\u00e4ndig im Meer aufl\u00f6st, au\u00dferhalb der <strong>Drei-Meilen-Zone<\/strong> dem Wasser \u00fcbergeben.<\/p>\n\n\n\n<h3 class=\"wp-block-heading\"><strong>Ablauf und Organisation<\/strong><\/h3>\n\n\n\n<p>Die Seebestattung erfolgt in enger Zusammenarbeit mit einem erfahrenen See-Bestattungsinstitut (Reederei). Wir k\u00fcmmern uns um alle erforderlichen Formalit\u00e4ten, die Terminabstimmung sowie die individuelle Gestaltung der Zeremonie.<\/p>\n\n\n\n<h3 class=\"wp-block-heading\"><strong>Teilnahme von Angeh\u00f6rigen<\/strong><\/h3>\n\n\n\n<p>Angeh\u00f6rige haben die M\u00f6glichkeit, an der Beisetzung auf See teilzunehmen. Die Zahl der G\u00e4ste ist je nach Schiff begrenzt, was den Abschied oft besonders pers\u00f6nlich und intim macht.<br>W\u00e4hrend der Fahrt aufs Meer und bei der \u00dcbergabe der Urne kann eine feierliche Zeremonie stattfinden \u2013 auf Wunsch mit Musik, Trauerrede oder stiller Gedenkminute.<\/p>\n\n\n\n<h3 class=\"wp-block-heading\"><strong>Besonderheit der Seebestattung<\/strong><\/h3>\n\n\n\n<p>Eine Grabpflege entf\u00e4llt bei der Seebestattung vollst\u00e4ndig, da die letzte Ruhest\u00e4tte Teil der freien Natur ist. Als Erinnerungsort dient h\u00e4ufig die offizielle Seekarte mit eingetragenen Koordinaten der Beisetzungsstelle, die die Angeh\u00f6rigen erhalten.<\/p>\n\n\n\n<p>Wir beraten Sie einf\u00fchlsam zu allen Fragen rund um die Seebestattung, besprechen gemeinsam Ihre W\u00fcnsche und sorgen daf\u00fcr, dass dieser besondere Abschied w\u00fcrdevoll und nach Ihren Vorstellungen gestaltet wird.<\/p>\n\n\n\n<p><\/p>\n","protected":false},"excerpt":{"rendered":"<p>Die Seebestattung ist eine besondere Form der Feuerbestattung und bietet die M\u00f6glichkeit, den letzten Weg auf dem Meer zu gehen.Dabei [&hellip;]<\/p>\n","protected":false},"author":1,"featured_media":0,"parent":0,"menu_order":0,"comment_status":"closed","ping_status":"closed","template":"","meta":{"site-sidebar-layout":"default","site-content-layout":"","ast-site-content-layout":"default","site-content-style":"default","site-sidebar-style":"default","ast-global-header-display":"","ast-banner-title-visibility":"","ast-main-header-display":"","ast-hfb-above-header-display":"","ast-hfb-below-header-display":"","ast-hfb-mobile-header-display":"","site-post-title":"","ast-breadcrumbs-content":"","ast-featured-img":"","footer-sml-layout":"","ast-disable-related-posts":"","theme-transparent-header-meta":"","adv-header-id-meta":"","stick-header-meta":"","header-above-stick-meta":"","header-main-stick-meta":"","header-below-stick-meta":"","astra-migrate-meta-layouts":"default","ast-page-background-enabled":"default","ast-page-background-meta":{"desktop":{"background-color":"var(--ast-global-color-5)","background-image":"","background-repeat":"repeat","background-position":"center center","background-size":"auto","background-attachment":"scroll","background-type":"","background-media":"","overlay-type":"","overlay-color":"","overlay-opacity":"","overlay-gradient":""},"tablet":{"background-color":"","background-image":"","background-repeat":"repeat","background-position":"center center","background-size":"auto","background-attachment":"scroll","background-type":"","background-media":"","overlay-type":"","overlay-color":"","overlay-opacity":"","overlay-gradient":""},"mobile":{"background-color":"","background-image":"","background-repeat":"repeat","background-position":"center center","background-size":"auto","background-attachment":"scroll","background-type":"","background-media":"","overlay-type":"","overlay-color":"","overlay-opacity":"","overlay-gradient":""}},"ast-content-background-meta":{"desktop":{"background-color":"var(--ast-global-color-4)","background-image":"","background-repeat":"repeat","background-position":"center center","background-size":"auto","background-attachment":"scroll","background-type":"","background-media":"","overlay-type":"","overlay-color":"","overlay-opacity":"","overlay-gradient":""},"tablet":{"background-color":"var(--ast-global-color-4)","background-image":"","background-repeat":"repeat","background-position":"center center","background-size":"auto","background-attachment":"scroll","background-type":"","background-media":"","overlay-type":"","overlay-color":"","overlay-opacity":"","overlay-gradient":""},"mobile":{"background-color":"var(--ast-global-color-4)","background-image":"","background-repeat":"repeat","background-position":"center center","background-size":"auto","background-attachment":"scroll","background-type":"","background-media":"","overlay-type":"","overlay-color":"","overlay-opacity":"","overlay-gradient":""}},"footnotes":""},"class_list":["post-94","page","type-page","status-publish","hentry"],"_links":{"self":[{"href":"https:\/\/bestattungshaus-vieten.de\/WP\/wp-json\/wp\/v2\/pages\/94","targetHints":{"allow":["GET"]}}],"collection":[{"href":"https:\/\/bestattungshaus-vieten.de\/WP\/wp-json\/wp\/v2\/pages"}],"about":[{"href":"https:\/\/bestattungshaus-vieten.de\/WP\/wp-json\/wp\/v2\/types\/page"}],"author":[{"embeddable":true,"href":"https:\/\/bestattungshaus-vieten.de\/WP\/wp-json\/wp\/v2\/users\/1"}],"replies":[{"embeddable":true,"href":"https:\/\/bestattungshaus-vieten.de\/WP\/wp-json\/wp\/v2\/comments?post=94"}],"version-history":[{"count":3,"href":"https:\/\/bestattungshaus-vieten.de\/WP\/wp-json\/wp\/v2\/pages\/94\/revisions"}],"predecessor-version":[{"id":267,"href":"https:\/\/bestattungshaus-vieten.de\/WP\/wp-json\/wp\/v2\/pages\/94\/revisions\/267"}],"wp:attachment":[{"href":"https:\/\/bestattungshaus-vieten.de\/WP\/wp-json\/wp\/v2\/media?parent=94"}],"curies":[{"name":"wp","href":"https:\/\/api.w.org\/{rel}","templated":true}]}}