{"id":40,"date":"2025-03-02T10:35:53","date_gmt":"2025-03-02T09:35:53","guid":{"rendered":"https:\/\/bestattungshaus-vieten.de\/WP\/?page_id=40"},"modified":"2025-09-13T20:17:00","modified_gmt":"2025-09-13T18:17:00","slug":"anfahrt","status":"publish","type":"page","link":"https:\/\/bestattungshaus-vieten.de\/WP\/anfahrt\/","title":{"rendered":"Anfahrt"},"content":{"rendered":"\n<p>Sie finden uns hier:<\/p>\n\n\n\n<p><strong>Bestattungshaus Vieten<\/strong><br>Eburonenstra\u00dfe 3<br>52531 \u00dcbach-Palenberg<br>Telefon: <a href=\"tel:+492451900433\">+49 (0)2451 900 433<\/a><br>E-Mail: <a href=\"mailto:Info@Bestattungshaus-Vieten.de\">Info@Bestattungshaus-Vieten.de<\/a><\/p>\n\n\n\n<h3 class=\"wp-block-heading\">Karte<\/h3>\n\n\n\n<p><a href=\"https:\/\/www.google.com\/maps\/dir\/?api=1&amp;destination=Eburonenstra\u00dfe+3,+52531+\u00dcbach-Palenberg\" target=\"_blank\" rel=\"noreferrer noopener\">Karte \u00f6ffnen<\/a><\/p>\n\n\n\n<h3 class=\"wp-block-heading\">Anreise mit dem Auto<\/h3>\n\n\n\n<p>Parkpl\u00e4tze finden Sie direkt vor unserem Geb\u00e4ude.<\/p>\n\n\n\n<h3 class=\"wp-block-heading\">\u00d6ffentliche Verkehrsmittel<\/h3>\n\n\n\n<p>Vom Bahnhof \u00dcbach-Palenberg &#8211; 5 Minuten Fu\u00dfweg<br><\/p>\n\n\n\n<p><a href=\"https:\/\/www.google.com\/maps\/dir\/?api=1&amp;destination=Eburonenstra\u00dfe+3,+52531+\u00dcbach-Palenberg\" target=\"_blank\" rel=\"noreferrer noopener\">Route planen<\/a><\/p>\n\n\n\n<p><\/p>\n","protected":false},"excerpt":{"rendered":"<p>Sie finden uns hier: Bestattungshaus VietenEburonenstra\u00dfe 352531 \u00dcbach-PalenbergTelefon: +49 (0)2451 900 433E-Mail: Info@Bestattungshaus-Vieten.de Karte Karte \u00f6ffnen Anreise mit dem Auto [&hellip;]<\/p>\n","protected":false},"author":1,"featured_media":0,"parent":0,"menu_order":0,"comment_status":"closed","ping_status":"closed","template":"","meta":{"site-sidebar-layout":"default","site-content-layout":"","ast-site-content-layout":"default","site-content-style":"default","site-sidebar-style":"default","ast-global-header-display":"","ast-banner-title-visibility":"","ast-main-header-display":"","ast-hfb-above-header-display":"","ast-hfb-below-header-display":"","ast-hfb-mobile-header-display":"","site-post-title":"","ast-breadcrumbs-content":"","ast-featured-img":"","footer-sml-layout":"","ast-disable-related-posts":"","theme-transparent-header-meta":"","adv-header-id-meta":"","stick-header-meta":"","header-above-stick-meta":"","header-main-stick-meta":"","header-below-stick-meta":"","astra-migrate-meta-layouts":"default","ast-page-background-enabled":"default","ast-page-background-meta":{"desktop":{"background-color":"var(--ast-global-color-5)","background-image":"","background-repeat":"repeat","background-position":"center center","background-size":"auto","background-attachment":"scroll","background-type":"","background-media":"","overlay-type":"","overlay-color":"","overlay-opacity":"","overlay-gradient":""},"tablet":{"background-color":"","background-image":"","background-repeat":"repeat","background-position":"center center","background-size":"auto","background-attachment":"scroll","background-type":"","background-media":"","overlay-type":"","overlay-color":"","overlay-opacity":"","overlay-gradient":""},"mobile":{"background-color":"","background-image":"","background-repeat":"repeat","background-position":"center center","background-size":"auto","background-attachment":"scroll","background-type":"","background-media":"","overlay-type":"","overlay-color":"","overlay-opacity":"","overlay-gradient":""}},"ast-content-background-meta":{"desktop":{"background-color":"var(--ast-global-color-4)","background-image":"","background-repeat":"repeat","background-position":"center center","background-size":"auto","background-attachment":"scroll","background-type":"","background-media":"","overlay-type":"","overlay-color":"","overlay-opacity":"","overlay-gradient":""},"tablet":{"background-color":"var(--ast-global-color-4)","background-image":"","background-repeat":"repeat","background-position":"center center","background-size":"auto","background-attachment":"scroll","background-type":"","background-media":"","overlay-type":"","overlay-color":"","overlay-opacity":"","overlay-gradient":""},"mobile":{"background-color":"var(--ast-global-color-4)","background-image":"","background-repeat":"repeat","background-position":"center center","background-size":"auto","background-attachment":"scroll","background-type":"","background-media":"","overlay-type":"","overlay-color":"","overlay-opacity":"","overlay-gradient":""}},"footnotes":""},"class_list":["post-40","page","type-page","status-publish","hentry"],"_links":{"self":[{"href":"https:\/\/bestattungshaus-vieten.de\/WP\/wp-json\/wp\/v2\/pages\/40","targetHints":{"allow":["GET"]}}],"collection":[{"href":"https:\/\/bestattungshaus-vieten.de\/WP\/wp-json\/wp\/v2\/pages"}],"about":[{"href":"https:\/\/bestattungshaus-vieten.de\/WP\/wp-json\/wp\/v2\/types\/page"}],"author":[{"embeddable":true,"href":"https:\/\/bestattungshaus-vieten.de\/WP\/wp-json\/wp\/v2\/users\/1"}],"replies":[{"embeddable":true,"href":"https:\/\/bestattungshaus-vieten.de\/WP\/wp-json\/wp\/v2\/comments?post=40"}],"version-history":[{"count":7,"href":"https:\/\/bestattungshaus-vieten.de\/WP\/wp-json\/wp\/v2\/pages\/40\/revisions"}],"predecessor-version":[{"id":154,"href":"https:\/\/bestattungshaus-vieten.de\/WP\/wp-json\/wp\/v2\/pages\/40\/revisions\/154"}],"wp:attachment":[{"href":"https:\/\/bestattungshaus-vieten.de\/WP\/wp-json\/wp\/v2\/media?parent=40"}],"curies":[{"name":"wp","href":"https:\/\/api.w.org\/{rel}","templated":true}]}}