{"id":33,"date":"2025-03-02T10:24:53","date_gmt":"2025-03-02T09:24:53","guid":{"rendered":"https:\/\/bestattungshaus-vieten.de\/WP\/?page_id=33"},"modified":"2025-08-11T08:08:10","modified_gmt":"2025-08-11T06:08:10","slug":"wastun","status":"publish","type":"page","link":"https:\/\/bestattungshaus-vieten.de\/WP\/wastun\/","title":{"rendered":"Trauerfall &#8211; Was Tun?"},"content":{"rendered":"\n<p>Der Verlust eines geliebten Menschen ist ein tiefer Einschnitt. In dieser schwierigen Zeit kann es helfen, Schritt f\u00fcr Schritt vorzugehen.<br>Hier finden Sie eine kurze Orientierung, was im ersten Moment zu tun ist und welche Unterlagen f\u00fcr die Bestattung ben\u00f6tigt werden.<\/p>\n\n\n\n<h4 class=\"wp-block-heading\"><strong>Bei einem Sterbefall in der Wohnung<\/strong><\/h4>\n\n\n\n<ul class=\"wp-block-list\">\n<li>Benachrichtigen Sie umgehend den n\u00e4chst erreichbaren Arzt (Hausarzt oder \u00e4rztlicher Notdienst).<\/li>\n\n\n\n<li>Halten Sie <strong>Personalausweis<\/strong> und <strong>Krankenversicherungskarte<\/strong> des Verstorbenen bereit.<\/li>\n\n\n\n<li>Der Arzt stellt nach Untersuchung die <strong>Todesbescheinigung<\/strong> aus.<\/li>\n\n\n\n<li>Nehmen Sie anschlie\u00dfend Kontakt zu einem Bestattungsinstitut Ihrer Wahl auf \u2013 wir stehen Ihnen jederzeit zur Verf\u00fcgung.<\/li>\n<\/ul>\n\n\n\n<p><\/p>\n\n\n\n<h4 class=\"wp-block-heading\"><strong>Bei einem Sterbefall im Krankenhaus oder Pflegeheim<\/strong><\/h4>\n\n\n\n<ul class=\"wp-block-list\">\n<li>Das dortige Personal veranlasst die Ausstellung der Todesbescheinigung.<\/li>\n\n\n\n<li>Nachdem Sie vom Tod erfahren haben, setzen Sie sich direkt mit dem Bestattungsinstitut Ihrer Wahl in Verbindung.<\/li>\n<\/ul>\n\n\n\n<p><\/p>\n\n\n\n<h4 class=\"wp-block-heading\"><strong>Wichtige Dokumente f\u00fcr die Bestattung<\/strong><\/h4>\n\n\n\n<h6 class=\"wp-block-heading\"><em>Bei Ledigen<\/em><\/h6>\n\n\n\n<ul class=\"wp-block-list\">\n<li>Geburtsurkunde (im Familienstammbuch der Eltern)<\/li>\n\n\n\n<li>Personalausweis (falls vorhanden)<\/li>\n<\/ul>\n\n\n\n<h6 class=\"wp-block-heading\"><em>Bei Verheirateten<\/em><\/h6>\n\n\n\n<ul class=\"wp-block-list\">\n<li>Familienbuch oder Heiratsurkunde<\/li>\n\n\n\n<li>Personalausweis<\/li>\n<\/ul>\n\n\n\n<h6 class=\"wp-block-heading\"><em>Bei Geschiedenen<\/em><\/h6>\n\n\n\n<ul class=\"wp-block-list\">\n<li>Familienbuch oder Heiratsurkunde<\/li>\n\n\n\n<li>Scheidungsurteil mit Rechtskraftvermerk<\/li>\n\n\n\n<li>Personalausweis<\/li>\n<\/ul>\n\n\n\n<h6 class=\"wp-block-heading\"><em>Bei Verwitweten<\/em><\/h6>\n\n\n\n<ul class=\"wp-block-list\">\n<li>Familienbuch oder Heiratsurkunde<\/li>\n\n\n\n<li>Sterbeurkunde des verstorbenen Ehepartners<\/li>\n\n\n\n<li>Personalausweis<\/li>\n<\/ul>\n\n\n\n<p><\/p>\n\n\n\n<h4 class=\"wp-block-heading\"><strong>Weitere Unterlagen f\u00fcr die Formalit\u00e4ten<\/strong><\/h4>\n\n\n\n<ul class=\"wp-block-list\">\n<li>Letzte \u00c4nderungsmitteilung \u00fcber Renten- und Pensionsbez\u00fcge<\/li>\n\n\n\n<li>Krankenversicherungskarte des Verstorbenen<\/li>\n\n\n\n<li>Lebensversicherungs- und Sterbekassenunterlagen<\/li>\n\n\n\n<li>Zusatzversicherungen<\/li>\n\n\n\n<li>Mitgliedsb\u00fccher (z. B. Reichsbund, Gewerkschaften, Vereine)<\/li>\n<\/ul>\n\n\n\n<blockquote class=\"wp-block-quote is-layout-flow wp-block-quote-is-layout-flow\">\n<p>\u201e Wenn Sie uns im Trauerfall kontaktieren, unterst\u00fctzen wir Sie nicht nur bei der Organisation der Bestattung, sondern helfen Ihnen auch, alle ben\u00f6tigten Dokumente zusammenzustellen und Beh\u00f6rdeng\u00e4nge zu erledigen. \u201c<\/p>\n<\/blockquote>\n","protected":false},"excerpt":{"rendered":"<p>Der Verlust eines geliebten Menschen ist ein tiefer Einschnitt. In dieser schwierigen Zeit kann es helfen, Schritt f\u00fcr Schritt vorzugehen.Hier [&hellip;]<\/p>\n","protected":false},"author":1,"featured_media":0,"parent":0,"menu_order":0,"comment_status":"closed","ping_status":"closed","template":"","meta":{"site-sidebar-layout":"default","site-content-layout":"","ast-site-content-layout":"default","site-content-style":"default","site-sidebar-style":"default","ast-global-header-display":"","ast-banner-title-visibility":"","ast-main-header-display":"","ast-hfb-above-header-display":"","ast-hfb-below-header-display":"","ast-hfb-mobile-header-display":"","site-post-title":"","ast-breadcrumbs-content":"","ast-featured-img":"","footer-sml-layout":"","ast-disable-related-posts":"","theme-transparent-header-meta":"","adv-header-id-meta":"","stick-header-meta":"","header-above-stick-meta":"","header-main-stick-meta":"","header-below-stick-meta":"","astra-migrate-meta-layouts":"default","ast-page-background-enabled":"default","ast-page-background-meta":{"desktop":{"background-color":"var(--ast-global-color-5)","background-image":"","background-repeat":"repeat","background-position":"center center","background-size":"auto","background-attachment":"scroll","background-type":"","background-media":"","overlay-type":"","overlay-color":"","overlay-opacity":"","overlay-gradient":""},"tablet":{"background-color":"","background-image":"","background-repeat":"repeat","background-position":"center center","background-size":"auto","background-attachment":"scroll","background-type":"","background-media":"","overlay-type":"","overlay-color":"","overlay-opacity":"","overlay-gradient":""},"mobile":{"background-color":"","background-image":"","background-repeat":"repeat","background-position":"center center","background-size":"auto","background-attachment":"scroll","background-type":"","background-media":"","overlay-type":"","overlay-color":"","overlay-opacity":"","overlay-gradient":""}},"ast-content-background-meta":{"desktop":{"background-color":"var(--ast-global-color-4)","background-image":"","background-repeat":"repeat","background-position":"center center","background-size":"auto","background-attachment":"scroll","background-type":"","background-media":"","overlay-type":"","overlay-color":"","overlay-opacity":"","overlay-gradient":""},"tablet":{"background-color":"var(--ast-global-color-4)","background-image":"","background-repeat":"repeat","background-position":"center center","background-size":"auto","background-attachment":"scroll","background-type":"","background-media":"","overlay-type":"","overlay-color":"","overlay-opacity":"","overlay-gradient":""},"mobile":{"background-color":"var(--ast-global-color-4)","background-image":"","background-repeat":"repeat","background-position":"center center","background-size":"auto","background-attachment":"scroll","background-type":"","background-media":"","overlay-type":"","overlay-color":"","overlay-opacity":"","overlay-gradient":""}},"footnotes":""},"class_list":["post-33","page","type-page","status-publish","hentry"],"_links":{"self":[{"href":"https:\/\/bestattungshaus-vieten.de\/WP\/wp-json\/wp\/v2\/pages\/33","targetHints":{"allow":["GET"]}}],"collection":[{"href":"https:\/\/bestattungshaus-vieten.de\/WP\/wp-json\/wp\/v2\/pages"}],"about":[{"href":"https:\/\/bestattungshaus-vieten.de\/WP\/wp-json\/wp\/v2\/types\/page"}],"author":[{"embeddable":true,"href":"https:\/\/bestattungshaus-vieten.de\/WP\/wp-json\/wp\/v2\/users\/1"}],"replies":[{"embeddable":true,"href":"https:\/\/bestattungshaus-vieten.de\/WP\/wp-json\/wp\/v2\/comments?post=33"}],"version-history":[{"count":6,"href":"https:\/\/bestattungshaus-vieten.de\/WP\/wp-json\/wp\/v2\/pages\/33\/revisions"}],"predecessor-version":[{"id":122,"href":"https:\/\/bestattungshaus-vieten.de\/WP\/wp-json\/wp\/v2\/pages\/33\/revisions\/122"}],"wp:attachment":[{"href":"https:\/\/bestattungshaus-vieten.de\/WP\/wp-json\/wp\/v2\/media?parent=33"}],"curies":[{"name":"wp","href":"https:\/\/api.w.org\/{rel}","templated":true}]}}