{"id":31,"date":"2025-03-02T10:24:42","date_gmt":"2025-03-02T09:24:42","guid":{"rendered":"https:\/\/bestattungshaus-vieten.de\/WP\/?page_id=31"},"modified":"2025-09-15T06:22:17","modified_gmt":"2025-09-15T04:22:17","slug":"ueberuns","status":"publish","type":"page","link":"https:\/\/bestattungshaus-vieten.de\/WP\/ueberuns\/","title":{"rendered":"Unser Team"},"content":{"rendered":"\n<figure class=\"wp-block-image alignleft size-full\"><img loading=\"lazy\" decoding=\"async\" width=\"197\" height=\"250\" src=\"https:\/\/bestattungshaus-vieten.de\/WP\/wp-content\/uploads\/2025\/08\/frvieten1kl250.jpg\" alt=\"\" class=\"wp-image-124\"\/><\/figure>\n\n\n\n<p>Als Bestatterin ist es mir ein ganz pers\u00f6nliches Anliegen, Menschen in einer sehr besonderen und oft schweren Lebenssituation beizustehen.<br>Mir ist bewusst, dass sich Angeh\u00f6rige in einem Ausnahmezustand befinden \u2013 zwischen Trauer, vielen Fragen und organisatorischen Aufgaben. Gerade in diesen Momenten m\u00f6chte ich da sein, zuh\u00f6ren, Halt geben und gemeinsam mit Ihnen einen Weg finden, der Raum f\u00fcr W\u00fcrde, Trost und individuelle W\u00fcnsche l\u00e4sst.<\/p>\n\n\n\n<p>Ich lege gro\u00dfen Wert auf eine <strong>einf\u00fchlsame und pers\u00f6nliche Betreuung<\/strong>. Jeder Mensch ist einzigartig \u2013 und so sollte auch der Abschied gestaltet werden. Ob traditionell, religi\u00f6s, frei oder ganz individuell: Wir richten uns nach Ihren Vorstellungen und setzen diese so um, wie es f\u00fcr Sie und Ihre Familie richtig ist.<\/p>\n\n\n\n<p>In meinem Unternehmen begleite ich Sie <strong>vor, w\u00e4hrend und nach dem Trauerfall<\/strong>. Dazu geh\u00f6rt nicht nur die Organisation der Bestattung, sondern auch das Gespr\u00e4ch \u00fcber alles, was rund um das Thema \u201eTod und Trauer\u201c wichtig ist. Oft ist es eine gro\u00dfe Erleichterung, in einem gesch\u00fctzten Rahmen dar\u00fcber sprechen zu k\u00f6nnen.<\/p>\n\n\n\n<p><strong>Ihre W\u00fcnsche stehen im Mittelpunkt.<\/strong><br>Fast alles l\u00e4sst sich m\u00f6glich machen \u2013 und wenn Sie besondere Vorstellungen haben, finden wir gemeinsam einen Weg, diese in die Abschiedsgestaltung einzubinden.<\/p>\n\n\n\n<p><\/p>\n","protected":false},"excerpt":{"rendered":"<p>Als Bestatterin ist es mir ein ganz pers\u00f6nliches Anliegen, Menschen in einer sehr besonderen und oft schweren Lebenssituation beizustehen.Mir ist [&hellip;]<\/p>\n","protected":false},"author":1,"featured_media":0,"parent":0,"menu_order":0,"comment_status":"closed","ping_status":"closed","template":"","meta":{"site-sidebar-layout":"default","site-content-layout":"","ast-site-content-layout":"default","site-content-style":"default","site-sidebar-style":"default","ast-global-header-display":"","ast-banner-title-visibility":"","ast-main-header-display":"","ast-hfb-above-header-display":"","ast-hfb-below-header-display":"","ast-hfb-mobile-header-display":"","site-post-title":"","ast-breadcrumbs-content":"","ast-featured-img":"","footer-sml-layout":"","ast-disable-related-posts":"","theme-transparent-header-meta":"","adv-header-id-meta":"","stick-header-meta":"","header-above-stick-meta":"","header-main-stick-meta":"","header-below-stick-meta":"","astra-migrate-meta-layouts":"default","ast-page-background-enabled":"default","ast-page-background-meta":{"desktop":{"background-color":"var(--ast-global-color-5)","background-image":"","background-repeat":"repeat","background-position":"center center","background-size":"auto","background-attachment":"scroll","background-type":"","background-media":"","overlay-type":"","overlay-color":"","overlay-opacity":"","overlay-gradient":""},"tablet":{"background-color":"","background-image":"","background-repeat":"repeat","background-position":"center center","background-size":"auto","background-attachment":"scroll","background-type":"","background-media":"","overlay-type":"","overlay-color":"","overlay-opacity":"","overlay-gradient":""},"mobile":{"background-color":"","background-image":"","background-repeat":"repeat","background-position":"center center","background-size":"auto","background-attachment":"scroll","background-type":"","background-media":"","overlay-type":"","overlay-color":"","overlay-opacity":"","overlay-gradient":""}},"ast-content-background-meta":{"desktop":{"background-color":"var(--ast-global-color-4)","background-image":"","background-repeat":"repeat","background-position":"center center","background-size":"auto","background-attachment":"scroll","background-type":"","background-media":"","overlay-type":"","overlay-color":"","overlay-opacity":"","overlay-gradient":""},"tablet":{"background-color":"var(--ast-global-color-4)","background-image":"","background-repeat":"repeat","background-position":"center center","background-size":"auto","background-attachment":"scroll","background-type":"","background-media":"","overlay-type":"","overlay-color":"","overlay-opacity":"","overlay-gradient":""},"mobile":{"background-color":"var(--ast-global-color-4)","background-image":"","background-repeat":"repeat","background-position":"center center","background-size":"auto","background-attachment":"scroll","background-type":"","background-media":"","overlay-type":"","overlay-color":"","overlay-opacity":"","overlay-gradient":""}},"footnotes":""},"class_list":["post-31","page","type-page","status-publish","hentry"],"_links":{"self":[{"href":"https:\/\/bestattungshaus-vieten.de\/WP\/wp-json\/wp\/v2\/pages\/31","targetHints":{"allow":["GET"]}}],"collection":[{"href":"https:\/\/bestattungshaus-vieten.de\/WP\/wp-json\/wp\/v2\/pages"}],"about":[{"href":"https:\/\/bestattungshaus-vieten.de\/WP\/wp-json\/wp\/v2\/types\/page"}],"author":[{"embeddable":true,"href":"https:\/\/bestattungshaus-vieten.de\/WP\/wp-json\/wp\/v2\/users\/1"}],"replies":[{"embeddable":true,"href":"https:\/\/bestattungshaus-vieten.de\/WP\/wp-json\/wp\/v2\/comments?post=31"}],"version-history":[{"count":7,"href":"https:\/\/bestattungshaus-vieten.de\/WP\/wp-json\/wp\/v2\/pages\/31\/revisions"}],"predecessor-version":[{"id":268,"href":"https:\/\/bestattungshaus-vieten.de\/WP\/wp-json\/wp\/v2\/pages\/31\/revisions\/268"}],"wp:attachment":[{"href":"https:\/\/bestattungshaus-vieten.de\/WP\/wp-json\/wp\/v2\/media?parent=31"}],"curies":[{"name":"wp","href":"https:\/\/api.w.org\/{rel}","templated":true}]}}