{"id":27,"date":"2025-03-02T10:24:18","date_gmt":"2025-03-02T09:24:18","guid":{"rendered":"https:\/\/bestattungshaus-vieten.de\/WP\/?page_id=27"},"modified":"2025-09-13T21:19:50","modified_gmt":"2025-09-13T19:19:50","slug":"kontakt","status":"publish","type":"page","link":"https:\/\/bestattungshaus-vieten.de\/WP\/kontakt\/","title":{"rendered":"Kontakt"},"content":{"rendered":"\n<p><strong>Bestattungshaus Vieten<\/strong><br>Eburonenstra\u00dfe 3<br>52531 \u00dcbach-Palenberg<\/p>\n\n\n\n<p>\ud83d\udcde Telefon: <a href=\"tel:+492451900433\">02451 &#8211; 900 433<\/a><br>\u2709\ufe0f E-Mail: <a href=\"mailto:Info@Bestattungshaus-Vieten.de\">Info@Bestattungshaus-Vieten.de<\/a><\/p>\n\n\n\n<p><strong>Wir sind f\u00fcr Sie da, wenn ein Trauerfall eintritt \u2013 von Anfang an.<\/strong><br>Pers\u00f6nlich, kompetent und einf\u00fchlsam begleiten wir Sie durch diese schwere Zeit.<\/p>\n\n\n\n<h3 class=\"wp-block-heading\"><strong>Rund um die Uhr erreichbar<\/strong><\/h3>\n\n\n\n<p>In Notf\u00e4llen sind wir <strong>Tag und Nacht f\u00fcr Sie erreichbar<\/strong>. Z\u00f6gern Sie nicht, uns jederzeit anzurufen.<\/p>\n\n\n\n<h3 class=\"wp-block-heading\"><strong>Kontaktformular<\/strong><\/h3>\n\n\n\n<p>Wenn Sie Fragen haben oder einen Beratungstermin vereinbaren m\u00f6chten, nutzen Sie gerne unser Kontaktformular unten.<br>Wir melden uns schnellstm\u00f6glich bei Ihnen zur\u00fcck.<\/p>\n\n\n<style id=\"wpforms-css-vars-191-block-0dc42ee8-252f-4026-97da-4db743d1386c\">\n\t\t\t\t#wpforms-191.wpforms-block-0dc42ee8-252f-4026-97da-4db743d1386c {\n\t\t\t\t--wpforms-field-size-input-height: 43px;\n--wpforms-field-size-input-spacing: 15px;\n--wpforms-field-size-font-size: 16px;\n--wpforms-field-size-line-height: 19px;\n--wpforms-field-size-padding-h: 14px;\n--wpforms-field-size-checkbox-size: 16px;\n--wpforms-field-size-sublabel-spacing: 5px;\n--wpforms-field-size-icon-size: 1;\n--wpforms-label-size-font-size: 16px;\n--wpforms-label-size-line-height: 19px;\n--wpforms-label-size-sublabel-font-size: 14px;\n--wpforms-label-size-sublabel-line-height: 17px;\n--wpforms-button-size-font-size: 17px;\n--wpforms-button-size-height: 41px;\n--wpforms-button-size-padding-h: 15px;\n--wpforms-button-size-margin-top: 10px;\n\t\t\t}\n\t\t\t<\/style><div class=\"wpforms-container wpforms-container-full wpforms-block wpforms-block-0dc42ee8-252f-4026-97da-4db743d1386c wpforms-render-modern\" id=\"wpforms-191\"><form id=\"wpforms-form-191\" class=\"wpforms-validate wpforms-form wpforms-ajax-form\" data-formid=\"191\" method=\"post\" enctype=\"multipart\/form-data\" action=\"\/WP\/wp-json\/wp\/v2\/pages\/27\" data-token=\"a7c461abe5d8bb9e3f1c91fef7bf8cbf\" data-token-time=\"1776846884\"><noscript class=\"wpforms-error-noscript\">Bitte aktiviere JavaScript in deinem Browser, um dieses Formular fertigzustellen.<\/noscript><div id=\"wpforms-error-noscript\" style=\"display: none;\">Bitte aktiviere JavaScript in deinem Browser, um dieses Formular fertigzustellen.<\/div><div class=\"wpforms-field-container\">\t\t<div id=\"wpforms-191-field_4-container\"\n\t\t\tclass=\"wpforms-field wpforms-field-text\"\n\t\t\tdata-field-type=\"text\"\n\t\t\tdata-field-id=\"4\"\n\t\t\t>\n\t\t\t<label class=\"wpforms-field-label\" for=\"wpforms-191-field_4\" >Uns E-Mail-Adresse an<\/label>\n\t\t\t<input type=\"text\" id=\"wpforms-191-field_4\" class=\"wpforms-field-medium\" name=\"wpforms[fields][4]\" >\n\t\t<\/div>\n\t\t<div id=\"wpforms-191-field_1-container\" class=\"wpforms-field wpforms-field-name\" data-field-id=\"1\"><fieldset><legend class=\"wpforms-field-label\">Name <span class=\"wpforms-required-label\" aria-hidden=\"true\">*<\/span><\/legend><div class=\"wpforms-field-row wpforms-field-medium\"><div class=\"wpforms-field-row-block wpforms-first wpforms-one-half\"><input type=\"text\" id=\"wpforms-191-field_1\" class=\"wpforms-field-name-first wpforms-field-required\" name=\"wpforms[fields][1][first]\" aria-errormessage=\"wpforms-191-field_1-error\" required><label for=\"wpforms-191-field_1\" class=\"wpforms-field-sublabel after\">Vorname<\/label><\/div><div class=\"wpforms-field-row-block wpforms-one-half\"><input type=\"text\" id=\"wpforms-191-field_1-last\" class=\"wpforms-field-name-last wpforms-field-required\" name=\"wpforms[fields][1][last]\" aria-errormessage=\"wpforms-191-field_1-last-error\" required><label for=\"wpforms-191-field_1-last\" class=\"wpforms-field-sublabel after\">Nachname<\/label><\/div><\/div><\/fieldset><\/div><div id=\"wpforms-191-field_2-container\" class=\"wpforms-field wpforms-field-email\" data-field-id=\"2\"><label class=\"wpforms-field-label\" for=\"wpforms-191-field_2\">E-Mail-Adresse <span class=\"wpforms-required-label\" aria-hidden=\"true\">*<\/span><\/label><input type=\"email\" id=\"wpforms-191-field_2\" class=\"wpforms-field-medium wpforms-field-required\" name=\"wpforms[fields][2]\" spellcheck=\"false\" aria-errormessage=\"wpforms-191-field_2-error\" required><\/div><div id=\"wpforms-191-field_3-container\" class=\"wpforms-field wpforms-field-textarea\" data-field-id=\"3\"><label class=\"wpforms-field-label\" for=\"wpforms-191-field_3\">Ihre Nachricht an Uns <span class=\"wpforms-required-label\" aria-hidden=\"true\">*<\/span><\/label><textarea id=\"wpforms-191-field_3\" class=\"wpforms-field-medium wpforms-field-required\" name=\"wpforms[fields][3]\" aria-errormessage=\"wpforms-191-field_3-error\" required><\/textarea><\/div><script>\n\t\t\t\t( function() {\n\t\t\t\t\tconst style = document.createElement( 'style' );\n\t\t\t\t\tstyle.appendChild( document.createTextNode( '#wpforms-191-field_4-container { position: absolute !important; overflow: hidden !important; display: inline !important; height: 1px !important; width: 1px !important; z-index: -1000 !important; padding: 0 !important; } #wpforms-191-field_4-container input { visibility: hidden; } #wpforms-conversational-form-page #wpforms-191-field_4-container label { counter-increment: none; }' ) );\n\t\t\t\t\tdocument.head.appendChild( style );\n\t\t\t\t\tdocument.currentScript?.remove();\n\t\t\t\t} )();\n\t\t\t<\/script><\/div><!-- .wpforms-field-container --><div class=\"wpforms-submit-container\" ><input type=\"hidden\" name=\"wpforms[id]\" value=\"191\"><input type=\"hidden\" name=\"page_title\" value=\"\"><input type=\"hidden\" name=\"page_url\" value=\"https:\/\/bestattungshaus-vieten.de\/WP\/wp-json\/wp\/v2\/pages\/27\"><input type=\"hidden\" name=\"url_referer\" value=\"\"><button type=\"submit\" name=\"wpforms[submit]\" id=\"wpforms-submit-191\" class=\"wpforms-submit\" data-alt-text=\"Wird gesendet\u00a0\u2026\" data-submit-text=\"Absenden\" aria-live=\"assertive\" value=\"wpforms-submit\">Absenden<\/button><img loading=\"lazy\" decoding=\"async\" src=\"https:\/\/bestattungshaus-vieten.de\/WP\/wp-content\/plugins\/wpforms-lite\/assets\/images\/submit-spin.svg\" class=\"wpforms-submit-spinner\" style=\"display: none;\" width=\"26\" height=\"26\" alt=\"Wird geladen\"><\/div><\/form><\/div>  <!-- .wpforms-container -->\n\n\n<p><\/p>\n\n\n\n<p><\/p>\n","protected":false},"excerpt":{"rendered":"<p>Bestattungshaus VietenEburonenstra\u00dfe 352531 \u00dcbach-Palenberg \ud83d\udcde Telefon: 02451 &#8211; 900 433\u2709\ufe0f E-Mail: Info@Bestattungshaus-Vieten.de Wir sind f\u00fcr Sie da, wenn ein Trauerfall [&hellip;]<\/p>\n","protected":false},"author":1,"featured_media":0,"parent":0,"menu_order":0,"comment_status":"closed","ping_status":"closed","template":"","meta":{"site-sidebar-layout":"default","site-content-layout":"","ast-site-content-layout":"default","site-content-style":"default","site-sidebar-style":"default","ast-global-header-display":"","ast-banner-title-visibility":"","ast-main-header-display":"","ast-hfb-above-header-display":"","ast-hfb-below-header-display":"","ast-hfb-mobile-header-display":"","site-post-title":"","ast-breadcrumbs-content":"","ast-featured-img":"","footer-sml-layout":"","ast-disable-related-posts":"","theme-transparent-header-meta":"","adv-header-id-meta":"","stick-header-meta":"","header-above-stick-meta":"","header-main-stick-meta":"","header-below-stick-meta":"","astra-migrate-meta-layouts":"default","ast-page-background-enabled":"default","ast-page-background-meta":{"desktop":{"background-color":"var(--ast-global-color-5)","background-image":"","background-repeat":"repeat","background-position":"center center","background-size":"auto","background-attachment":"scroll","background-type":"","background-media":"","overlay-type":"","overlay-color":"","overlay-opacity":"","overlay-gradient":""},"tablet":{"background-color":"","background-image":"","background-repeat":"repeat","background-position":"center center","background-size":"auto","background-attachment":"scroll","background-type":"","background-media":"","overlay-type":"","overlay-color":"","overlay-opacity":"","overlay-gradient":""},"mobile":{"background-color":"","background-image":"","background-repeat":"repeat","background-position":"center center","background-size":"auto","background-attachment":"scroll","background-type":"","background-media":"","overlay-type":"","overlay-color":"","overlay-opacity":"","overlay-gradient":""}},"ast-content-background-meta":{"desktop":{"background-color":"var(--ast-global-color-4)","background-image":"","background-repeat":"repeat","background-position":"center center","background-size":"auto","background-attachment":"scroll","background-type":"","background-media":"","overlay-type":"","overlay-color":"","overlay-opacity":"","overlay-gradient":""},"tablet":{"background-color":"var(--ast-global-color-4)","background-image":"","background-repeat":"repeat","background-position":"center center","background-size":"auto","background-attachment":"scroll","background-type":"","background-media":"","overlay-type":"","overlay-color":"","overlay-opacity":"","overlay-gradient":""},"mobile":{"background-color":"var(--ast-global-color-4)","background-image":"","background-repeat":"repeat","background-position":"center center","background-size":"auto","background-attachment":"scroll","background-type":"","background-media":"","overlay-type":"","overlay-color":"","overlay-opacity":"","overlay-gradient":""}},"footnotes":""},"class_list":["post-27","page","type-page","status-publish","hentry"],"_links":{"self":[{"href":"https:\/\/bestattungshaus-vieten.de\/WP\/wp-json\/wp\/v2\/pages\/27","targetHints":{"allow":["GET"]}}],"collection":[{"href":"https:\/\/bestattungshaus-vieten.de\/WP\/wp-json\/wp\/v2\/pages"}],"about":[{"href":"https:\/\/bestattungshaus-vieten.de\/WP\/wp-json\/wp\/v2\/types\/page"}],"author":[{"embeddable":true,"href":"https:\/\/bestattungshaus-vieten.de\/WP\/wp-json\/wp\/v2\/users\/1"}],"replies":[{"embeddable":true,"href":"https:\/\/bestattungshaus-vieten.de\/WP\/wp-json\/wp\/v2\/comments?post=27"}],"version-history":[{"count":4,"href":"https:\/\/bestattungshaus-vieten.de\/WP\/wp-json\/wp\/v2\/pages\/27\/revisions"}],"predecessor-version":[{"id":194,"href":"https:\/\/bestattungshaus-vieten.de\/WP\/wp-json\/wp\/v2\/pages\/27\/revisions\/194"}],"wp:attachment":[{"href":"https:\/\/bestattungshaus-vieten.de\/WP\/wp-json\/wp\/v2\/media?parent=27"}],"curies":[{"name":"wp","href":"https:\/\/api.w.org\/{rel}","templated":true}]}}