{"id":15,"date":"2025-03-02T10:23:00","date_gmt":"2025-03-02T09:23:00","guid":{"rendered":"https:\/\/bestattungshaus-vieten.de\/WP\/?page_id=15"},"modified":"2025-12-07T14:22:02","modified_gmt":"2025-12-07T13:22:02","slug":"bestattungshaus","status":"publish","type":"page","link":"https:\/\/bestattungshaus-vieten.de\/WP\/bestattungshaus\/","title":{"rendered":"Bestattungshaus"},"content":{"rendered":"\n<p>Das <strong>Bestattungshaus Vieten<\/strong> befindet sich in der <strong>Eburonenstra\u00dfe 3 in 52531, \u00dcbach-Palenberg<\/strong> und bietet Angeh\u00f6rigen einen gesch\u00fctzten Ort, um in Ruhe Abschied zu nehmen und Zeit f\u00fcr Trauer und Erinnerung zu finden.<\/p>\n\n\n\n<figure class=\"wp-block-image alignleft size-large is-resized has-custom-border is-style-default\"><img loading=\"lazy\" decoding=\"async\" width=\"1024\" height=\"683\" src=\"https:\/\/bestattungshaus-vieten.de\/WP\/wp-content\/uploads\/2025\/12\/Bestattungshaus-1024x683.png\" alt=\"Ansicht Bestattungshaus\" class=\"wp-image-318\" style=\"border-width:2px;width:501px;height:auto\" srcset=\"https:\/\/bestattungshaus-vieten.de\/WP\/wp-content\/uploads\/2025\/12\/Bestattungshaus-1024x683.png 1024w, https:\/\/bestattungshaus-vieten.de\/WP\/wp-content\/uploads\/2025\/12\/Bestattungshaus-300x200.png 300w, https:\/\/bestattungshaus-vieten.de\/WP\/wp-content\/uploads\/2025\/12\/Bestattungshaus-768x512.png 768w, https:\/\/bestattungshaus-vieten.de\/WP\/wp-content\/uploads\/2025\/12\/Bestattungshaus.png 1536w\" sizes=\"auto, (max-width: 1024px) 100vw, 1024px\" \/><figcaption class=\"wp-element-caption\">Ansicht Bestattungshaus<\/figcaption><\/figure>\n\n\n\n<p>Unser Haus ist modern ausgestattet und verf\u00fcgt \u00fcber:<\/p>\n\n\n\n<p>\u2022 einen Hygieneraum<br>\u2022 eigene K\u00fchlm\u00f6glichkeiten<br>\u2022 einen Aufenthalts- und Ruheraum<\/p>\n\n\n\n<p>Hier haben Angeh\u00f6rige die M\u00f6glichkeit, den Abschied so zu gestalten, wie es ihnen guttut. Wer m\u00f6chte, kann den geliebten Menschen noch einmal ber\u00fchren, die Hand halten oder Worte aussprechen, die bisher ungesagt geblieben sind. Dieses bewusste Abschiednehmen erleichtert es vielen, den Verlust zu verarbeiten, und unterst\u00fctzt einen gesunden Trauerprozess.<\/p>\n\n\n\n<p>Wir m\u00f6chten Ihnen in dieser schweren Zeit nicht nur organisatorisch, sondern auch menschlich zur Seite stehen. Deshalb ist es uns wichtig, einen Ort zu schaffen, an dem Sie Ruhe, W\u00fcrde und Geborgenheit erfahren.<\/p>\n\n\n\n<p>Eine <strong>Besichtigung unseres Bestattungshauses<\/strong> ist nach vorheriger Terminvereinbarung jederzeit m\u00f6glich. So k\u00f6nnen Sie sich selbst ein Bild von den R\u00e4umlichkeiten und der Atmosph\u00e4re machen und sicher sein, dass Ihr verstorbener Angeh\u00f6riger in guten H\u00e4nden ist.<\/p>\n\n\n\n<p><\/p>\n","protected":false},"excerpt":{"rendered":"<p>Das Bestattungshaus Vieten befindet sich in der Eburonenstra\u00dfe 3 in 52531, \u00dcbach-Palenberg und bietet Angeh\u00f6rigen einen gesch\u00fctzten Ort, um in [&hellip;]<\/p>\n","protected":false},"author":1,"featured_media":0,"parent":0,"menu_order":0,"comment_status":"closed","ping_status":"closed","template":"","meta":{"site-sidebar-layout":"default","site-content-layout":"","ast-site-content-layout":"default","site-content-style":"default","site-sidebar-style":"default","ast-global-header-display":"","ast-banner-title-visibility":"","ast-main-header-display":"","ast-hfb-above-header-display":"","ast-hfb-below-header-display":"","ast-hfb-mobile-header-display":"","site-post-title":"","ast-breadcrumbs-content":"","ast-featured-img":"","footer-sml-layout":"","ast-disable-related-posts":"","theme-transparent-header-meta":"","adv-header-id-meta":"","stick-header-meta":"","header-above-stick-meta":"","header-main-stick-meta":"","header-below-stick-meta":"","astra-migrate-meta-layouts":"default","ast-page-background-enabled":"default","ast-page-background-meta":{"desktop":{"background-color":"var(--ast-global-color-5)","background-image":"","background-repeat":"repeat","background-position":"center center","background-size":"auto","background-attachment":"scroll","background-type":"","background-media":"","overlay-type":"","overlay-color":"","overlay-opacity":"","overlay-gradient":""},"tablet":{"background-color":"","background-image":"","background-repeat":"repeat","background-position":"center center","background-size":"auto","background-attachment":"scroll","background-type":"","background-media":"","overlay-type":"","overlay-color":"","overlay-opacity":"","overlay-gradient":""},"mobile":{"background-color":"","background-image":"","background-repeat":"repeat","background-position":"center center","background-size":"auto","background-attachment":"scroll","background-type":"","background-media":"","overlay-type":"","overlay-color":"","overlay-opacity":"","overlay-gradient":""}},"ast-content-background-meta":{"desktop":{"background-color":"var(--ast-global-color-4)","background-image":"","background-repeat":"repeat","background-position":"center center","background-size":"auto","background-attachment":"scroll","background-type":"","background-media":"","overlay-type":"","overlay-color":"","overlay-opacity":"","overlay-gradient":""},"tablet":{"background-color":"var(--ast-global-color-4)","background-image":"","background-repeat":"repeat","background-position":"center center","background-size":"auto","background-attachment":"scroll","background-type":"","background-media":"","overlay-type":"","overlay-color":"","overlay-opacity":"","overlay-gradient":""},"mobile":{"background-color":"var(--ast-global-color-4)","background-image":"","background-repeat":"repeat","background-position":"center center","background-size":"auto","background-attachment":"scroll","background-type":"","background-media":"","overlay-type":"","overlay-color":"","overlay-opacity":"","overlay-gradient":""}},"footnotes":""},"class_list":["post-15","page","type-page","status-publish","hentry"],"_links":{"self":[{"href":"https:\/\/bestattungshaus-vieten.de\/WP\/wp-json\/wp\/v2\/pages\/15","targetHints":{"allow":["GET"]}}],"collection":[{"href":"https:\/\/bestattungshaus-vieten.de\/WP\/wp-json\/wp\/v2\/pages"}],"about":[{"href":"https:\/\/bestattungshaus-vieten.de\/WP\/wp-json\/wp\/v2\/types\/page"}],"author":[{"embeddable":true,"href":"https:\/\/bestattungshaus-vieten.de\/WP\/wp-json\/wp\/v2\/users\/1"}],"replies":[{"embeddable":true,"href":"https:\/\/bestattungshaus-vieten.de\/WP\/wp-json\/wp\/v2\/comments?post=15"}],"version-history":[{"count":10,"href":"https:\/\/bestattungshaus-vieten.de\/WP\/wp-json\/wp\/v2\/pages\/15\/revisions"}],"predecessor-version":[{"id":319,"href":"https:\/\/bestattungshaus-vieten.de\/WP\/wp-json\/wp\/v2\/pages\/15\/revisions\/319"}],"wp:attachment":[{"href":"https:\/\/bestattungshaus-vieten.de\/WP\/wp-json\/wp\/v2\/media?parent=15"}],"curies":[{"name":"wp","href":"https:\/\/api.w.org\/{rel}","templated":true}]}}