{"id":13,"date":"2025-03-02T10:22:33","date_gmt":"2025-03-02T09:22:33","guid":{"rendered":"https:\/\/bestattungshaus-vieten.de\/WP\/?page_id=13"},"modified":"2025-09-15T06:20:11","modified_gmt":"2025-09-15T04:20:11","slug":"bestattungsarten","status":"publish","type":"page","link":"https:\/\/bestattungshaus-vieten.de\/WP\/bestattungsarten\/","title":{"rendered":"Bestattungsarten"},"content":{"rendered":"\n<p><strong>Erdbestattung<\/strong><\/p>\n\n\n\n<p><strong>Die Erdbestattung<\/strong>&nbsp;&#8211; die noch am weitesten verbreitete Bestattungsart in einem Sarg.<br>Grunds\u00e4tzlich ist eine Entscheidung zwischen Wahlgrab, Tiefengrab und Reihengrab m\u00f6glich.<br>Einzelheiten sind in den Friedhofsatzungen festgelegt.<br>Bei dem Wahlgrab, Tiefengrab und Reihengrab ist die Grabpflege meistens 30 Jahre n\u00f6tig. Bei einem amerikanischen Grab (Reihengrab mit liegender Gedenktafel) oder einem Anonymen Grab ist keine Pflege mehr notwendig. Die Ruhefrist betr\u00e4gt 30 Jahre, das ist aber von Friedhof&nbsp;zu Friedhof unterschiedlich festgesetzt.<\/p>\n\n\n\n<figure class=\"wp-block-image size-full\"><img loading=\"lazy\" decoding=\"async\" width=\"584\" height=\"236\" src=\"https:\/\/bestattungshaus-vieten.de\/WP\/wp-content\/uploads\/2025\/09\/erdbestattung.jpg\" alt=\"Bild Erdbestattung\" class=\"wp-image-155\" srcset=\"https:\/\/bestattungshaus-vieten.de\/WP\/wp-content\/uploads\/2025\/09\/erdbestattung.jpg 584w, https:\/\/bestattungshaus-vieten.de\/WP\/wp-content\/uploads\/2025\/09\/erdbestattung-300x121.jpg 300w\" sizes=\"auto, (max-width: 584px) 100vw, 584px\" \/><\/figure>\n\n\n\n<p><strong>Feuerbestattung<\/strong><\/p>\n\n\n\n<p><strong>Die Feuerbestattung<\/strong>&nbsp;&#8211; der\/die Verstorbene wird in einem Sarg im Krematorium einge\u00e4schert.<br>Die Asche wird in einer Urne auf dem Friedhof beigesetzt oder verstreut.<br>Bei der Beisetzung in einem Wahlgrab, Tiefengrab und Reihengrab ist wieder die Grabpflege f\u00fcr&nbsp;30 Jahre notwendig. Bei einem amerikanischen Grab (Reihengrab mit liegender Gedenktafel) oder im Kolumbarium oder bei der Aschenverstreuung ist keine Pflege mehr notwendig. Die Ruhefrist betr\u00e4gt 30 Jahre, das ist aber von Friedhof&nbsp;zu Friedhof unterschiedlich festgesetzt.<\/p>\n\n\n\n<figure class=\"wp-block-image size-full\"><img loading=\"lazy\" decoding=\"async\" width=\"450\" height=\"236\" src=\"https:\/\/bestattungshaus-vieten.de\/WP\/wp-content\/uploads\/2025\/09\/feuerbestattung.jpg\" alt=\"Bild Feuerbestattung\" class=\"wp-image-156\" srcset=\"https:\/\/bestattungshaus-vieten.de\/WP\/wp-content\/uploads\/2025\/09\/feuerbestattung.jpg 450w, https:\/\/bestattungshaus-vieten.de\/WP\/wp-content\/uploads\/2025\/09\/feuerbestattung-300x157.jpg 300w\" sizes=\"auto, (max-width: 450px) 100vw, 450px\" \/><\/figure>\n\n\n\n<p><strong>Seebestattung<\/strong><\/p>\n\n\n\n<p><strong>Die Seebestattung<\/strong>&nbsp;&#8211; der\/die Verstorbene wird in einem Sarg im Krematorium einge\u00e4schert.<br>Die Asche wird au\u00dferhalb der Drei-Meilen-Zone dem Meer \u00fcbergeben.<br>Die erforderlichen Formalit\u00e4ten und die Organisation werden durch uns mit einem See-Bestattungsinstitut&nbsp; (Rederei) abgestimmt.<br>An der Beisetzung auf See k\u00f6nnen Angeh\u00f6rige mit einer begrenzten Personenzahl teilnehmen.<\/p>\n\n\n\n<p><br><strong>Anonyme Bestattung<\/strong><\/p>\n\n\n\n<p><strong>Die anonyme Bestattung<\/strong>&nbsp;\u2013 die Beisetzung erfolgt als Erd- oder Feuerbestattung auf einem Friedhof&nbsp;ohne sp\u00e4tere pers\u00f6nliche Kennzeichnung.<br>Es ist somit keine Grabpflege mehr notwendig.<\/p>\n\n\n\n<p><\/p>\n","protected":false},"excerpt":{"rendered":"<p>Erdbestattung Die Erdbestattung&nbsp;&#8211; die noch am weitesten verbreitete Bestattungsart in einem Sarg.Grunds\u00e4tzlich ist eine Entscheidung zwischen Wahlgrab, Tiefengrab und Reihengrab [&hellip;]<\/p>\n","protected":false},"author":1,"featured_media":0,"parent":0,"menu_order":0,"comment_status":"closed","ping_status":"closed","template":"","meta":{"site-sidebar-layout":"default","site-content-layout":"","ast-site-content-layout":"default","site-content-style":"default","site-sidebar-style":"default","ast-global-header-display":"","ast-banner-title-visibility":"","ast-main-header-display":"","ast-hfb-above-header-display":"","ast-hfb-below-header-display":"","ast-hfb-mobile-header-display":"","site-post-title":"","ast-breadcrumbs-content":"","ast-featured-img":"","footer-sml-layout":"","ast-disable-related-posts":"","theme-transparent-header-meta":"","adv-header-id-meta":"","stick-header-meta":"","header-above-stick-meta":"","header-main-stick-meta":"","header-below-stick-meta":"","astra-migrate-meta-layouts":"default","ast-page-background-enabled":"default","ast-page-background-meta":{"desktop":{"background-color":"var(--ast-global-color-5)","background-image":"","background-repeat":"repeat","background-position":"center center","background-size":"auto","background-attachment":"scroll","background-type":"","background-media":"","overlay-type":"","overlay-color":"","overlay-opacity":"","overlay-gradient":""},"tablet":{"background-color":"","background-image":"","background-repeat":"repeat","background-position":"center center","background-size":"auto","background-attachment":"scroll","background-type":"","background-media":"","overlay-type":"","overlay-color":"","overlay-opacity":"","overlay-gradient":""},"mobile":{"background-color":"","background-image":"","background-repeat":"repeat","background-position":"center center","background-size":"auto","background-attachment":"scroll","background-type":"","background-media":"","overlay-type":"","overlay-color":"","overlay-opacity":"","overlay-gradient":""}},"ast-content-background-meta":{"desktop":{"background-color":"var(--ast-global-color-4)","background-image":"","background-repeat":"repeat","background-position":"center center","background-size":"auto","background-attachment":"scroll","background-type":"","background-media":"","overlay-type":"","overlay-color":"","overlay-opacity":"","overlay-gradient":""},"tablet":{"background-color":"var(--ast-global-color-4)","background-image":"","background-repeat":"repeat","background-position":"center center","background-size":"auto","background-attachment":"scroll","background-type":"","background-media":"","overlay-type":"","overlay-color":"","overlay-opacity":"","overlay-gradient":""},"mobile":{"background-color":"var(--ast-global-color-4)","background-image":"","background-repeat":"repeat","background-position":"center center","background-size":"auto","background-attachment":"scroll","background-type":"","background-media":"","overlay-type":"","overlay-color":"","overlay-opacity":"","overlay-gradient":""}},"footnotes":""},"class_list":["post-13","page","type-page","status-publish","hentry"],"_links":{"self":[{"href":"https:\/\/bestattungshaus-vieten.de\/WP\/wp-json\/wp\/v2\/pages\/13","targetHints":{"allow":["GET"]}}],"collection":[{"href":"https:\/\/bestattungshaus-vieten.de\/WP\/wp-json\/wp\/v2\/pages"}],"about":[{"href":"https:\/\/bestattungshaus-vieten.de\/WP\/wp-json\/wp\/v2\/types\/page"}],"author":[{"embeddable":true,"href":"https:\/\/bestattungshaus-vieten.de\/WP\/wp-json\/wp\/v2\/users\/1"}],"replies":[{"embeddable":true,"href":"https:\/\/bestattungshaus-vieten.de\/WP\/wp-json\/wp\/v2\/comments?post=13"}],"version-history":[{"count":5,"href":"https:\/\/bestattungshaus-vieten.de\/WP\/wp-json\/wp\/v2\/pages\/13\/revisions"}],"predecessor-version":[{"id":264,"href":"https:\/\/bestattungshaus-vieten.de\/WP\/wp-json\/wp\/v2\/pages\/13\/revisions\/264"}],"wp:attachment":[{"href":"https:\/\/bestattungshaus-vieten.de\/WP\/wp-json\/wp\/v2\/media?parent=13"}],"curies":[{"name":"wp","href":"https:\/\/api.w.org\/{rel}","templated":true}]}}